{"id":703,"date":"2018-12-27T14:29:38","date_gmt":"2018-12-27T12:29:38","guid":{"rendered":"https:\/\/3pladvantage.com\/?page_id=703"},"modified":"2020-05-15T19:54:40","modified_gmt":"2020-05-15T16:54:40","slug":"cookie-policy","status":"publish","type":"page","link":"https:\/\/3pladvantage.com\/es\/cookie-policy\/","title":{"rendered":"Pol\u00edtica de cookies"},"content":{"rendered":"<p><\/p>\n<p><span class=\"tlid-translation translation\">Esta es la Pol\u00edtica de cookies de 3PL, accesible desde http:\/\/3pl.com<\/span><\/p>\n<p><strong>Que son las cookies<\/strong><\/p>\n<p>Como es habitual en casi todos los sitios web profesionales, este sitio utiliza cookies, que son peque\u00f1os archivos que se descargan en su computadora, para mejorar su experiencia. Esta p\u00e1gina describe qu\u00e9 informaci\u00f3n recopilan, c\u00f3mo la usamos y por qu\u00e9 a veces necesitamos almacenar estas cookies. Tambi\u00e9n compartiremos c\u00f3mo puede evitar que se almacenen estas cookies, sin embargo, esto puede degradar o \u00abromper\u00bb ciertos elementos de la funcionalidad de los sitios.<\/p>\n<p>Para obtener m\u00e1s informaci\u00f3n general sobre las cookies, consulte el art\u00edculo de Wikipedia sobre las cookies HTTP.<\/p>\n<p><strong>C\u00f3mo utilizamos las cookies<\/strong><\/p>\n<p>Usamos cookies por una variedad de razones detalladas a continuaci\u00f3n. Desafortunadamente, en la mayor\u00eda de los casos, no hay opciones est\u00e1ndar de la industria para deshabilitar las cookies sin deshabilitar completamente la funcionalidad y las funciones que agregan a este sitio. Se recomienda que deje en todas las cookies si no est\u00e1 seguro de si las necesita o no en caso de que se utilicen para proporcionar un servicio que usted utiliza.<\/p>\n<p><strong>Desactivar las cookies<\/strong><\/p>\n<p>Puede evitar la configuraci\u00f3n de cookies ajustando la configuraci\u00f3n de su navegador (consulte la Ayuda de su navegador para saber c\u00f3mo hacerlo). Tenga en cuenta que la desactivaci\u00f3n de las cookies afectar\u00e1 la funcionalidad de este y muchos otros sitios web que visite. Por lo general, deshabilitar las cookies tambi\u00e9n deshabilitar\u00e1 ciertas funciones y funciones de este sitio. Por lo tanto, se recomienda que no deshabilite las cookies.<\/p>\n<p>Puede aprender c\u00f3mo administrar las cookies en su navegador web siguiendo la Gu\u00eda de cookies del navegador.<\/p>\n<p><strong>Las cookies que establecemos<\/strong><\/p>\n<p>\u00a0\u00a0\u00a0\u00a0Correo electr\u00f3nico boletines relacionados con las cookies.<br \/>\u00a0\u00a0\u00a0\u00a0Este sitio ofrece boletines de noticias o servicios de suscripci\u00f3n por correo electr\u00f3nico, y se pueden utilizar cookies para recordar si ya est\u00e1 registrado y si desea mostrar ciertas notificaciones que solo pueden ser v\u00e1lidas para los usuarios suscritos o no suscritos.<br \/>\u00a0\u00a0\u00a0\u00a0Formularios relacionados con las cookies.<br \/>\u00a0\u00a0\u00a0\u00a0Cuando env\u00eda datos a trav\u00e9s de un formulario como los que se encuentran en las p\u00e1ginas de contacto o formularios de comentarios, las cookies pueden configurarse para recordar sus detalles de usuario para la correspondencia futura.<br \/>\u00a0\u00a0\u00a0\u00a0Cookies de preferencias del sitio<br \/>\u00a0\u00a0\u00a0\u00a0Con el fin de brindarle una excelente experiencia en este sitio, le brindamos la funcionalidad para configurar sus preferencias sobre c\u00f3mo se ejecuta este sitio cuando lo usa. Para recordar sus preferencias, necesitamos configurar cookies para que pueda llamarse a esta informaci\u00f3n cuando interact\u00fae con una p\u00e1gina que se vea afectada por sus preferencias.<\/p>\n<p><strong>Cookies de terceros<\/strong><\/p>\n<p>En algunos casos especiales tambi\u00e9n utilizamos cookies proporcionadas por terceros de confianza. La siguiente secci\u00f3n detalla qu\u00e9 cookies de terceros puede encontrar a trav\u00e9s de este sitio.<\/p>\n<p>\u00a0\u00a0\u00a0\u00a0Este sitio utiliza Google Analytics, que es una de las soluciones de an\u00e1lisis m\u00e1s extendidas y confiables en la web, para ayudarnos a comprender c\u00f3mo usa el sitio y c\u00f3mo podemos mejorar su experiencia. Estas cookies pueden rastrear cosas como el tiempo que pasa en el sitio y las p\u00e1ginas que visita para que podamos continuar produciendo contenido atractivo.<br \/>\u00a0\u00a0\u00a0\u00a0Para obtener m\u00e1s informaci\u00f3n sobre las cookies de Google Analytics, consulte la p\u00e1gina oficial de Google Analytics.<br \/>\u00a0\u00a0\u00a0\u00a0Los an\u00e1lisis de terceros se utilizan para rastrear y medir el uso de este sitio para que podamos continuar produciendo contenido atractivo. Estas cookies pueden rastrear cosas como el tiempo que pasa en el sitio o las p\u00e1ginas que visita, lo que nos ayuda a comprender c\u00f3mo podemos mejorar el sitio para usted.<br \/>\u00a0\u00a0\u00a0\u00a0De vez en cuando probamos nuevas funciones y hacemos cambios sutiles en la forma en que se entrega el sitio. Cuando a\u00fan estamos probando nuevas funciones, estas cookies se pueden usar para asegurar que usted reciba una experiencia constante mientras est\u00e9 en el sitio, al tiempo que nos aseguramos de que entendemos qu\u00e9 optimizaciones aprecian nuestros usuarios.<br \/>\u00a0\u00a0\u00a0\u00a0A medida que vendemos productos, es importante para nosotros comprender las estad\u00edsticas sobre cu\u00e1ntos de los visitantes de nuestro sitio realizan realmente una compra y, como tal, este es el tipo de datos que rastrear\u00e1n estas cookies. Esto es importante para usted, ya que significa que podemos hacer predicciones comerciales precisas que nos permiten monitorear nuestros costos de publicidad y productos para garantizar el mejor precio posible.<br \/>\u00a0\u00a0\u00a0\u00a0Varios socios publican en nuestro nombre y las cookies de seguimiento de afiliados simplemente nos permiten ver si nuestros clientes han visitado el sitio a trav\u00e9s de uno de nuestros sitios asociados para poder acreditarlos adecuadamente y, cuando corresponda, permitir que nuestros socios afiliados proporcionen cualquier bono que puedan obtener. proporcionarle para hacer una compra.<br \/>\u00a0\u00a0\u00a0\u00a0Tambi\u00e9n utilizamos botones de redes sociales y \/ o complementos en este sitio que le permiten conectarse con su red social de varias maneras. Para que estos funcionen los siguientes sitios de medios sociales incluidos; {\u00bfListar las redes sociales cuyas caracter\u00edsticas ha integrado con su sitio?: 12}, establecer\u00e1 cookies a trav\u00e9s de nuestro sitio que se pueden usar para mejorar su perfil en su sitio o contribuir a los datos que poseen para diversos fines descritos en su respectiva privacidad. las pol\u00edticas.<\/p>\n<p><strong>M\u00e1s informaci\u00f3n<\/strong><\/p>\n<p><span class=\"tlid-translation translation\"><span class=\"\" title=\"\">Esperemos que esto le haya aclarado las cosas y como se mencion\u00f3 anteriormente si hay algo de lo que no est\u00e1 seguro de si lo necesita o no, por lo general es m\u00e1s seguro dejar las cookies habilitadas en caso de que interact\u00fae con una de las funciones que utiliza en nuestro sitio.<\/span> <span class=\"\" title=\"\">Esta Pol\u00edtica de Cookies se cre\u00f3 con la ayuda de la Pol\u00edtica de Cookies del Generador de GDPR.<\/span><\/span><\/p>\n<p><span title=\"\">Sin embargo, si a\u00fan est\u00e1 buscando m\u00e1s informaci\u00f3n, puede contactarnos a trav\u00e9s de uno de nuestros m\u00e9todos de contacto preferidos:<\/span><\/p>\n<ul>\n<li><span class=\"\" title=\"\">Correo electr\u00f3nico: info@utechcorp.com<\/span><\/li>\n<\/ul>\n<p><\/p>","protected":false},"excerpt":{"rendered":"<p>Esta es la Pol\u00edtica de cookies de 3PL, accesible desde http:\/\/3pl.com Que son las cookies Como es habitual en casi todos los sitios web profesionales, este sitio utiliza cookies, que son peque\u00f1os archivos que se descargan en su computadora, para mejorar su experiencia. Esta p\u00e1gina describe qu\u00e9 informaci\u00f3n recopilan, c\u00f3mo la usamos y por qu\u00e9 [&hellip;]<\/p>\n","protected":false},"author":1,"featured_media":0,"parent":0,"menu_order":0,"comment_status":"closed","ping_status":"closed","template":"templates\/page.php","meta":{"inline_featured_image":false,"_mi_skip_tracking":false},"acf":[],"yoast_head":"<!-- This site is optimized with the Yoast SEO plugin v19.9 - https:\/\/yoast.com\/wordpress\/plugins\/seo\/ -->\n<title>Pol\u00edtica de cookies - 3PL<\/title>\n<meta name=\"robots\" content=\"index, follow, max-snippet:-1, max-image-preview:large, max-video-preview:-1\" \/>\n<link rel=\"canonical\" href=\"https:\/\/3pladvantage.com\/cookie-policy\/\" \/>\n<meta property=\"og:locale\" content=\"es_ES\" \/>\n<meta property=\"og:type\" content=\"article\" \/>\n<meta property=\"og:title\" content=\"Pol\u00edtica de cookies - 3PL\" \/>\n<meta property=\"og:description\" content=\"Esta es la Pol\u00edtica de cookies de 3PL, accesible desde http:\/\/3pl.com Que son las cookies Como es habitual en casi todos los sitios web profesionales, este sitio utiliza cookies, que son peque\u00f1os archivos que se descargan en su computadora, para mejorar su experiencia. Esta p\u00e1gina describe qu\u00e9 informaci\u00f3n recopilan, c\u00f3mo la usamos y por qu\u00e9 [&hellip;]\" \/>\n<meta property=\"og:url\" content=\"https:\/\/3pladvantage.com\/cookie-policy\/\" \/>\n<meta property=\"og:site_name\" content=\"3PL\" \/>\n<meta property=\"article:modified_time\" content=\"2020-05-15T16:54:40+00:00\" \/>\n<meta name=\"twitter:card\" content=\"summary_large_image\" \/>\n<meta name=\"twitter:label1\" content=\"Tiempo de lectura\" \/>\n\t<meta name=\"twitter:data1\" content=\"10 minutos\" \/>\n<script type=\"application\/ld+json\" class=\"yoast-schema-graph\">{\"@context\":\"https:\/\/schema.org\",\"@graph\":[{\"@type\":\"WebPage\",\"@id\":\"https:\/\/3pladvantage.com\/cookie-policy\/\",\"url\":\"https:\/\/3pladvantage.com\/cookie-policy\/\",\"name\":\"Pol\u00edtica de cookies - 3PL\",\"isPartOf\":{\"@id\":\"https:\/\/3pladvantage.com\/#website\"},\"datePublished\":\"2018-12-27T12:29:38+00:00\",\"dateModified\":\"2020-05-15T16:54:40+00:00\",\"breadcrumb\":{\"@id\":\"https:\/\/3pladvantage.com\/cookie-policy\/#breadcrumb\"},\"inLanguage\":\"es\",\"potentialAction\":[{\"@type\":\"ReadAction\",\"target\":[\"https:\/\/3pladvantage.com\/cookie-policy\/\"]}]},{\"@type\":\"BreadcrumbList\",\"@id\":\"https:\/\/3pladvantage.com\/cookie-policy\/#breadcrumb\",\"itemListElement\":[{\"@type\":\"ListItem\",\"position\":1,\"name\":\"Home\",\"item\":\"https:\/\/3pladvantage.com\/\"},{\"@type\":\"ListItem\",\"position\":2,\"name\":\"Cookie Policy\"}]},{\"@type\":\"WebSite\",\"@id\":\"https:\/\/3pladvantage.com\/#website\",\"url\":\"https:\/\/3pladvantage.com\/\",\"name\":\"3PL\",\"description\":\"Just another WordPress site\",\"publisher\":{\"@id\":\"https:\/\/3pladvantage.com\/#organization\"},\"potentialAction\":[{\"@type\":\"SearchAction\",\"target\":{\"@type\":\"EntryPoint\",\"urlTemplate\":\"https:\/\/3pladvantage.com\/?s={search_term_string}\"},\"query-input\":\"required name=search_term_string\"}],\"inLanguage\":\"es\"},{\"@type\":\"Organization\",\"@id\":\"https:\/\/3pladvantage.com\/#organization\",\"name\":\"3PL\",\"url\":\"https:\/\/3pladvantage.com\/\",\"logo\":{\"@type\":\"ImageObject\",\"inLanguage\":\"es\",\"@id\":\"https:\/\/3pladvantage.com\/#\/schema\/logo\/image\/\",\"url\":\"https:\/\/3pladvantage.com\/wp-content\/uploads\/2017\/11\/logo.svg\",\"contentUrl\":\"https:\/\/3pladvantage.com\/wp-content\/uploads\/2017\/11\/logo.svg\",\"caption\":\"3PL\"},\"image\":{\"@id\":\"https:\/\/3pladvantage.com\/#\/schema\/logo\/image\/\"}}]}<\/script>\n<!-- \/ Yoast SEO plugin. -->","yoast_head_json":{"title":"Pol\u00edtica de cookies - 3PL","robots":{"index":"index","follow":"follow","max-snippet":"max-snippet:-1","max-image-preview":"max-image-preview:large","max-video-preview":"max-video-preview:-1"},"canonical":"https:\/\/3pladvantage.com\/cookie-policy\/","og_locale":"es_ES","og_type":"article","og_title":"Pol\u00edtica de cookies - 3PL","og_description":"Esta es la Pol\u00edtica de cookies de 3PL, accesible desde http:\/\/3pl.com Que son las cookies Como es habitual en casi todos los sitios web profesionales, este sitio utiliza cookies, que son peque\u00f1os archivos que se descargan en su computadora, para mejorar su experiencia. Esta p\u00e1gina describe qu\u00e9 informaci\u00f3n recopilan, c\u00f3mo la usamos y por qu\u00e9 [&hellip;]","og_url":"https:\/\/3pladvantage.com\/cookie-policy\/","og_site_name":"3PL","article_modified_time":"2020-05-15T16:54:40+00:00","twitter_card":"summary_large_image","twitter_misc":{"Tiempo de lectura":"10 minutos"},"schema":{"@context":"https:\/\/schema.org","@graph":[{"@type":"WebPage","@id":"https:\/\/3pladvantage.com\/cookie-policy\/","url":"https:\/\/3pladvantage.com\/cookie-policy\/","name":"Pol\u00edtica de cookies - 3PL","isPartOf":{"@id":"https:\/\/3pladvantage.com\/#website"},"datePublished":"2018-12-27T12:29:38+00:00","dateModified":"2020-05-15T16:54:40+00:00","breadcrumb":{"@id":"https:\/\/3pladvantage.com\/cookie-policy\/#breadcrumb"},"inLanguage":"es","potentialAction":[{"@type":"ReadAction","target":["https:\/\/3pladvantage.com\/cookie-policy\/"]}]},{"@type":"BreadcrumbList","@id":"https:\/\/3pladvantage.com\/cookie-policy\/#breadcrumb","itemListElement":[{"@type":"ListItem","position":1,"name":"Home","item":"https:\/\/3pladvantage.com\/"},{"@type":"ListItem","position":2,"name":"Cookie Policy"}]},{"@type":"WebSite","@id":"https:\/\/3pladvantage.com\/#website","url":"https:\/\/3pladvantage.com\/","name":"3PL","description":"Just another WordPress site","publisher":{"@id":"https:\/\/3pladvantage.com\/#organization"},"potentialAction":[{"@type":"SearchAction","target":{"@type":"EntryPoint","urlTemplate":"https:\/\/3pladvantage.com\/?s={search_term_string}"},"query-input":"required name=search_term_string"}],"inLanguage":"es"},{"@type":"Organization","@id":"https:\/\/3pladvantage.com\/#organization","name":"3PL","url":"https:\/\/3pladvantage.com\/","logo":{"@type":"ImageObject","inLanguage":"es","@id":"https:\/\/3pladvantage.com\/#\/schema\/logo\/image\/","url":"https:\/\/3pladvantage.com\/wp-content\/uploads\/2017\/11\/logo.svg","contentUrl":"https:\/\/3pladvantage.com\/wp-content\/uploads\/2017\/11\/logo.svg","caption":"3PL"},"image":{"@id":"https:\/\/3pladvantage.com\/#\/schema\/logo\/image\/"}}]}},"_links":{"self":[{"href":"https:\/\/3pladvantage.com\/es\/wp-json\/wp\/v2\/pages\/703"}],"collection":[{"href":"https:\/\/3pladvantage.com\/es\/wp-json\/wp\/v2\/pages"}],"about":[{"href":"https:\/\/3pladvantage.com\/es\/wp-json\/wp\/v2\/types\/page"}],"author":[{"embeddable":true,"href":"https:\/\/3pladvantage.com\/es\/wp-json\/wp\/v2\/users\/1"}],"replies":[{"embeddable":true,"href":"https:\/\/3pladvantage.com\/es\/wp-json\/wp\/v2\/comments?post=703"}],"version-history":[{"count":0,"href":"https:\/\/3pladvantage.com\/es\/wp-json\/wp\/v2\/pages\/703\/revisions"}],"wp:attachment":[{"href":"https:\/\/3pladvantage.com\/es\/wp-json\/wp\/v2\/media?parent=703"}],"curies":[{"name":"wp","href":"https:\/\/api.w.org\/{rel}","templated":true}]}}